{"id":514,"date":"2018-02-26T10:53:28","date_gmt":"2018-02-26T10:53:28","guid":{"rendered":"http:\/\/offbeat.edge-themes.com\/?page_id=514"},"modified":"2026-04-14T10:41:36","modified_gmt":"2026-04-14T08:41:36","slug":"bar-home","status":"publish","type":"page","link":"https:\/\/thebackstage.fr\/","title":{"rendered":"Bar Home"},"content":{"rendered":"<p>[vc_row full_height=\u00a0\u00bbyes\u00a0\u00bb content_placement=\u00a0\u00bbmiddle\u00a0\u00bb el_id=\u00a0\u00bbaccueil\u00a0\u00bb css=\u00a0\u00bb.vc_custom_1574195938520{background-color: #000000 !important;}\u00a0\u00bb][vc_column][rev_slider_vc alias=\u00a0\u00bbhome-6&Prime; enable_paspartu=\u00a0\u00bbno\u00a0\u00bb][vc_column_text]<\/p>\n<h6><\/h6>\n<h6 style=\"text-align: center;\"><span style=\"color: #ffffff;\">The Backstage, un nouveau caf\u00e9-concert \u00e0 5 minutes de la Porte d&rsquo;Orl\u00e9ans, \u00e0 Montrouge. Pas une salle de concert, mais un lieu cosy o\u00f9 s&rsquo;attabler devant un bon verre de vin, en d\u00e9gustant de bons produits (tapas, planches, desserts&#8230;) et surtout, en \u00e9coutant jouer un groupe en live.\u00a0Un confort acoustique unique sur Paris, un bar mieux \u00e9quip\u00e9 qu&rsquo;une salle de concert&#8230; un lieu d\u00e9di\u00e9 aux amoureux de musique live,\u00a0 o\u00f9 partager de bons moments de convivialit\u00e9.\u00a0<\/span><\/h6>\n<p>[\/vc_column_text][\/vc_column][\/vc_row][vc_row full_height=\u00a0\u00bbyes\u00a0\u00bb content_placement=\u00a0\u00bbmiddle\u00a0\u00bb row_content_width=\u00a0\u00bbgrid\u00a0\u00bb content_text_aligment=\u00a0\u00bbcenter\u00a0\u00bb css=\u00a0\u00bb.vc_custom_1574197315706{padding-top: 128px !important;}\u00a0\u00bb el_id=\u00a0\u00bbprogrammation\u00a0\u00bb][vc_column]<div class=\"edgtf-section-title-holder  \" >\n\t<div class=\"edgtf-st-inner\">\n\t\t\t\t\t<var class=\"edgtf-st-tagline\" >\n\t\t\t\tD\u00e9couvrez\t\t\t<\/var>\n\t\t\t\t\t\t\t<h2 class=\"edgtf-st-title\" style=\"color: #000000\">\n\t\t\t\tNOTRE MERCHANDISING<span class=\"edgtf-st-title-dot\">.<\/span>\t\t\t<\/h2>\n\t\t\t\t\t\t\t<\/div>\n<\/div>[vc_empty_space height=\u00a0\u00bb80px\u00a0\u00bb][vc_single_image image=\u00a0\u00bb5665&Prime; img_size=\u00a0\u00bbfull\u00a0\u00bb alignment=\u00a0\u00bbcenter\u00a0\u00bb onclick=\u00a0\u00bbcustom_link\u00a0\u00bb][vc_empty_space height=\u00a0\u00bb14px\u00a0\u00bb][vc_separator color=\u00a0\u00bbcustom\u00a0\u00bb border_width=\u00a0\u00bb2&Prime; accent_color=\u00a0\u00bb#005b73&Prime;][\/vc_column][vc_column][\/vc_column][vc_column][\/vc_column][vc_column][\/vc_column][vc_column][\/vc_column][\/vc_row][vc_row full_height=\u00a0\u00bbyes\u00a0\u00bb content_placement=\u00a0\u00bbmiddle\u00a0\u00bb row_content_width=\u00a0\u00bbgrid\u00a0\u00bb content_text_aligment=\u00a0\u00bbcenter\u00a0\u00bb css=\u00a0\u00bb.vc_custom_1574197315706{padding-top: 128px !important;}\u00a0\u00bb][vc_column]<div class=\"edgtf-section-title-holder  \" >\n\t<div class=\"edgtf-st-inner\">\n\t\t\t\t\t<var class=\"edgtf-st-tagline\" >\n\t\t\t\tD\u00e9couvrez\t\t\t<\/var>\n\t\t\t\t\t\t\t<h2 class=\"edgtf-st-title\" style=\"color: #000000\">\n\t\t\t\tNOTRE PROGRAMMATION<span class=\"edgtf-st-title-dot\">.<\/span>\t\t\t<\/h2>\n\t\t\t\t\t\t\t<\/div>\n<\/div>[vc_empty_space height=\u00a0\u00bb80px\u00a0\u00bb][vc_single_image image=\u00a0\u00bb5714&Prime; img_size=\u00a0\u00bbfull\u00a0\u00bb alignment=\u00a0\u00bbcenter\u00a0\u00bb][vc_empty_space height=\u00a0\u00bb14px\u00a0\u00bb][vc_separator color=\u00a0\u00bbcustom\u00a0\u00bb border_width=\u00a0\u00bb2&Prime; accent_color=\u00a0\u00bb#005b73&Prime;][\/vc_column][\/vc_row][vc_row full_height=\u00a0\u00bbyes\u00a0\u00bb content_placement=\u00a0\u00bbmiddle\u00a0\u00bb row_content_width=\u00a0\u00bbgrid\u00a0\u00bb css=\u00a0\u00bb.vc_custom_1574195781274{padding-top: 93px !important;padding-bottom: 93px !important;}\u00a0\u00bb simple_background_color=\u00a0\u00bb#ffffff\u00a0\u00bb el_id=\u00a0\u00bbvenir\u00a0\u00bb][vc_column offset=\u00a0\u00bbvc_col-lg-offset-2 vc_col-lg-8&Prime;]<div class=\"edgtf-section-title-holder  \" style=\"text-align: center\">\n\t<div class=\"edgtf-st-inner\">\n\t\t\t\t\t<var class=\"edgtf-st-tagline\" >\n\t\t\t\tHoraires\t\t\t<\/var>\n\t\t\t\t\t\t\t<h3 class=\"edgtf-st-title\" style=\"color: #000000\">\n\t\t\t\t&amp; adresse<span class=\"edgtf-st-title-dot\">.<\/span>\t\t\t<\/h3>\n\t\t\t\t\t\t\t<\/div>\n<\/div>[vc_empty_space height=\u00a0\u00bb14 px\u00a0\u00bb][vc_column_text]<\/p>\n<h6 style=\"text-align: center;\"><span style=\"color: #000000;\"><strong>R\u00e9servation du lundi au samedi (10h -19h) : <\/strong>09 62 61 39 29<\/span><\/h6>\n<p>[\/vc_column_text][vc_empty_space height=\u00a0\u00bb14 px\u00a0\u00bb][vc_column_text]<\/p>\n<h6 style=\"text-align: center;\"><span style=\"color: #000000;\"><strong>Adresse :<\/strong> <\/span><span style=\"color: #000000;\">2 avenue L\u00e9on Gambetta &#8211; <\/span><span style=\"color: #000000;\">Montrouge<\/span><\/h6>\n<p>[\/vc_column_text][vc_empty_space height=\u00a0\u00bb20 px\u00a0\u00bb][vc_column_text]<\/p>\n<h6 style=\"text-align: center;\"><span style=\"color: #000000;\"><strong>M\u00e9tros :<\/strong> Porte d&rsquo;Orl\u00e9ans \/ Mairie de Montrouge (ligne 4)<\/span><\/h6>\n<h6 style=\"text-align: center;\"><span style=\"color: #000000;\"><strong>Bus :<\/strong> L\u00e9on Gambetta. Lignes 187,188,197, N14, N21.<\/span><\/h6>\n<h6 style=\"text-align: center;\"><span style=\"color: #000000;\"><strong>RER B :<\/strong> Laplace.<\/span><\/h6>\n<h6 style=\"text-align: center;\"><span style=\"color: #000000;\"><strong>Parking :<\/strong> Jules Ferry \u00e0 2 min (\u00e0 c\u00f4t\u00e9 de La Poste) ou La Vache Noire \u00e0 10 min<\/span><\/h6>\n<p>[\/vc_column_text]<div class=\"edgtf-opening-hours-holder\">\n\t<div class=\"edgtf-opening-hours-holder-inner\">\n\t\t<div class=\"edgtf-opening-hours-day-holder\" >\n\t\t\t\t\t\t\t<div class=\"edgtf-opening-hours-day\">Jeudi<\/div>\n\t\t\t\t\t<\/div>\n\t\t<div class=\"edgtf-opening-hours-line\"><\/div>\n\t\t\t\t\t<div class=\"edgtf-opening-hours-time\" >18h - 00h<\/div>\n\t\t\t<\/div>\n<\/div><div class=\"edgtf-opening-hours-holder\">\n\t<div class=\"edgtf-opening-hours-holder-inner\">\n\t\t<div class=\"edgtf-opening-hours-day-holder\" >\n\t\t\t\t\t\t\t<div class=\"edgtf-opening-hours-day\">Vendredi<\/div>\n\t\t\t\t\t<\/div>\n\t\t<div class=\"edgtf-opening-hours-line\"><\/div>\n\t\t\t\t\t<div class=\"edgtf-opening-hours-time\" >18h - 01h<\/div>\n\t\t\t<\/div>\n<\/div><div class=\"edgtf-opening-hours-holder\">\n\t<div class=\"edgtf-opening-hours-holder-inner\">\n\t\t<div class=\"edgtf-opening-hours-day-holder\" >\n\t\t\t\t\t\t\t<div class=\"edgtf-opening-hours-day\">Samedi<\/div>\n\t\t\t\t\t<\/div>\n\t\t<div class=\"edgtf-opening-hours-line\"><\/div>\n\t\t\t\t\t<div class=\"edgtf-opening-hours-time\" >18h- 01h<\/div>\n\t\t\t<\/div>\n<\/div>[vc_gmaps link=\u00a0\u00bb#E-8_JTNDaWZyYW1lJTIwc3JjJTNEJTIyaHR0cHMlM0ElMkYlMkZ3d3cuZ29vZ2xlLmNvbSUyRm1hcHMlMkZlbWJlZCUzRnBiJTNEJTIxMW0xOCUyMTFtMTIlMjExbTMlMjExZDI2MjcuMzQyNjUzMTkwMTczJTIxMmQyLjMyMzE4NzExNTkyMzQ5OCUyMTNkNDguODEzNTIzMjc5MjgzMTglMjEybTMlMjExZjAlMjEyZjAlMjEzZjAlMjEzbTIlMjExaTEwMjQlMjEyaTc2OCUyMTRmMTMuMSUyMTNtMyUyMTFtMiUyMTFzMHg0N2U2NzEwNmRjMmRmYTVmJTI1M0EweGI3NjQ2ZTc2ZjYxOTBkNjIlMjEyczIlMjUyMEF2ZW51ZSUyNTIwTCUyNUMzJTI1QTlvbiUyNTIwR2FtYmV0dGElMjUyQyUyNTIwOTIxMjAlMjUyME1vbnRyb3VnZSUyMTVlMCUyMTNtMiUyMTFzZnIlMjEyc2ZyJTIxNHYxNTczMjE2MDE2ODE5JTIxNW0yJTIxMXNmciUyMTJzZnIlMjIlMjB3aWR0aCUzRCUyMjYwMCUyMiUyMGhlaWdodCUzRCUyMjQ1MCUyMiUyMGZyYW1lYm9yZGVyJTNEJTIyMCUyMiUyMHN0eWxlJTNEJTIyYm9yZGVyJTNBMCUzQiUyMiUyMGFsbG93ZnVsbHNjcmVlbiUzRCUyMiUyMiUzRSUzQyUyRmlmcmFtZSUzRQ==\u00a0\u00bb css_animation=\u00a0\u00bbfadeIn\u00a0\u00bb][\/vc_column][\/vc_row][vc_row][vc_column][vc_separator color=\u00a0\u00bbcustom\u00a0\u00bb border_width=\u00a0\u00bb2&Prime; accent_color=\u00a0\u00bb#005b73&Prime;][\/vc_column][\/vc_row][vc_row full_height=\u00a0\u00bbyes\u00a0\u00bb content_placement=\u00a0\u00bbmiddle\u00a0\u00bb row_content_width=\u00a0\u00bbgrid\u00a0\u00bb content_text_aligment=\u00a0\u00bbcenter\u00a0\u00bb css=\u00a0\u00bb.vc_custom_1574197166963{padding-top: 128px !important;}\u00a0\u00bb el_id=\u00a0\u00bbprivatiser\u00a0\u00bb][vc_column]<div class=\"edgtf-section-title-holder  \" >\n\t<div class=\"edgtf-st-inner\">\n\t\t\t\t\t<var class=\"edgtf-st-tagline\" >\n\t\t\t\tUn lieu privatisable\t\t\t<\/var>\n\t\t\t\t\t\t\t<h2 class=\"edgtf-st-title\" style=\"color: #000000\">\n\t\t\t\tPour vos \u00e9v\u00e9nements et showcases<span class=\"edgtf-st-title-dot\">.<\/span>\t\t\t<\/h2>\n\t\t\t\t\t\t\t<\/div>\n<\/div>[vc_empty_space height=\u00a0\u00bb14px\u00a0\u00bb][vc_video link=\u00a0\u00bbhttps:\/\/youtu.be\/OFMYmJuADG4&Prime; align=\u00a0\u00bbcenter\u00a0\u00bb css_animation=\u00a0\u00bbbounceIn\u00a0\u00bb][vc_empty_space height=\u00a0\u00bb14px\u00a0\u00bb][vc_column_text]<\/p>\n<h3><span style=\"color: #000000;\">Privatisable du dimanche au mercredi, The Backstage vous propose une solution premium cl\u00e9-en-main :<\/span><\/h3>\n<ul>\n<li>\n<h6><span style=\"color: #000000;\">Un espace de 300m\u00b2 climatis\u00e9, 130 places assises dont un espace VIP pourvu de canap\u00e9s Chesterfield<\/span><\/h6>\n<\/li>\n<li>\n<h6><span style=\"color: #000000;\">Des facilit\u00e9s de stationnement \u00e0 2 minutes (parking Jules Ferry)<\/span><\/h6>\n<\/li>\n<li>\n<h6><span style=\"color: #000000;\">Une sc\u00e8ne \u00e9quip\u00e9e son, lumi\u00e8re, vid\u00e9o &amp; backline.<\/span><\/h6>\n<\/li>\n<li>\n<h6><span style=\"color: #000000;\">Un syst\u00e8me son et une acoustique con\u00e7us comme une r\u00e9gie de studio d&rsquo;enregistrement<\/span><\/h6>\n<\/li>\n<li>\n<h6><span style=\"color: #000000;\">Possibilit\u00e9 de retransmettre en direct sur le r\u00e9seau social de votre choix<\/span><\/h6>\n<\/li>\n<li>\n<h6><span style=\"color: #000000;\">Pour vos \u00e9v\u00e9nementiels, possibilit\u00e9 d&rsquo;int\u00e9grer dans la prestation un groupe ou un artiste<\/span><\/h6>\n<\/li>\n<li>\n<h6><span style=\"color: #000000;\">Mise \u00e0 disposition d&rsquo;un staff au bar et en salle<\/span><\/h6>\n<\/li>\n<li>\n<h6><span style=\"color: #000000;\">Mise \u00e0 disposition d&rsquo;une \u00e9quipe technique<\/span><\/h6>\n<\/li>\n<\/ul>\n<h4><span style=\"color: #000000;\">Renseignements au 06 71 63 92 59<\/span><\/h4>\n<p>[\/vc_column_text][vc_empty_space height=\u00a0\u00bb14px\u00a0\u00bb][vc_separator color=\u00a0\u00bbcustom\u00a0\u00bb border_width=\u00a0\u00bb2&Prime; accent_color=\u00a0\u00bb#005b73&Prime;][\/vc_column][\/vc_row][vc_row row_content_width=\u00a0\u00bbgrid\u00a0\u00bb content_text_aligment=\u00a0\u00bbcenter\u00a0\u00bb css=\u00a0\u00bb.vc_custom_1573231575753{padding-top: 128px !important;}\u00a0\u00bb el_id=\u00a0\u00bbpartenaires\u00a0\u00bb][vc_column]<div class=\"edgtf-section-title-holder  \" >\n\t<div class=\"edgtf-st-inner\">\n\t\t\t\t\t<var class=\"edgtf-st-tagline\" >\n\t\t\t\tNous sommes fiers de vous pr\u00e9senter\t\t\t<\/var>\n\t\t\t\t\t\t\t<h2 class=\"edgtf-st-title\" style=\"color: #000000\">\n\t\t\t\tNOS PARTENAIRES<span class=\"edgtf-st-title-dot\">.<\/span>\t\t\t<\/h2>\n\t\t\t\t\t\t\t<\/div>\n<\/div>[vc_empty_space height=\u00a0\u00bb80px\u00a0\u00bb][\/vc_column][\/vc_row][vc_row content_placement=\u00a0\u00bbmiddle\u00a0\u00bb row_content_width=\u00a0\u00bbgrid\u00a0\u00bb css=\u00a0\u00bb.vc_custom_1522141667700{padding-right: 3.3% !important;padding-bottom: 121px !important;padding-left: 3.3% !important;}\u00a0\u00bb][vc_column css=\u00a0\u00bb.vc_custom_1573227456808{background-position: center !important;background-repeat: no-repeat !important;background-size: contain !important;}\u00a0\u00bb]<div class=\"edgtf-item-showcase-holder clearfix\"><div class=\"edgtf-is-item edgtf-is-left edgtf-is-has-image\">\n\t<div class=\"edgtf-is-content\">\n\t\t\t\t\t<div class=\"edgtf-is-icon\">\n\t\t\t\t<img loading=\"lazy\" decoding=\"async\" width=\"372\" height=\"213\" src=\"https:\/\/thebackstage.fr\/wp-content\/uploads\/2019\/11\/logo-freevox.png\" class=\"attachment-full size-full\" alt=\"\" srcset=\"https:\/\/thebackstage.fr\/wp-content\/uploads\/2019\/11\/logo-freevox.png 372w, https:\/\/thebackstage.fr\/wp-content\/uploads\/2019\/11\/logo-freevox-300x172.png 300w\" sizes=\"auto, (max-width: 372px) 100vw, 372px\" \/>\t\t\t<\/div>\n\t\t\t\t\t\t\t<h5 class=\"edgtf-is-title\" style=\"color: #000000\">\n\t\t\t\t<a href=\"https:\/\/www.freevox.fr\/\" target=\"_blank\">\t\t\t\t\tFreevox\t\t\t\t<\/a>\t\t\t<\/h5>\n\t\t\t\t\t\t\t<p class=\"edgtf-is-text\" style=\"color: #757575\">Freevox a \u00e9quip\u00e9 The Backstage d&#039;une console Soundcraft, de fa\u00e7ade et retours JBL, d&#039;une console et de l&#039;implantation light, ainsi que du superbe mur de led en arri\u00e8re sc\u00e8ne.<\/p>\n\t\t\t<\/div>\n<\/div><div class=\"edgtf-is-item edgtf-is-right edgtf-is-has-image\">\n\t<div class=\"edgtf-is-content\">\n\t\t\t\t\t<div class=\"edgtf-is-icon\">\n\t\t\t\t<img loading=\"lazy\" decoding=\"async\" width=\"417\" height=\"221\" src=\"https:\/\/thebackstage.fr\/wp-content\/uploads\/2019\/11\/logo-asba-01.png\" class=\"attachment-full size-full\" alt=\"\" srcset=\"https:\/\/thebackstage.fr\/wp-content\/uploads\/2019\/11\/logo-asba-01.png 417w, https:\/\/thebackstage.fr\/wp-content\/uploads\/2019\/11\/logo-asba-01-300x159.png 300w\" sizes=\"auto, (max-width: 417px) 100vw, 417px\" \/>\t\t\t<\/div>\n\t\t\t\t\t\t\t<h5 class=\"edgtf-is-title\" style=\"color: #000000\">\n\t\t\t\t<a href=\"https:\/\/www.asbadrums.com\/fr\/\" target=\"_blank\">\t\t\t\t\tAsba\t\t\t\t<\/a>\t\t\t<\/h5>\n\t\t\t\t\t\t\t<p class=\"edgtf-is-text\" style=\"color: #757575\">Une batterie haut de gamme Asba sur sc\u00e8ne pour un son vintage et au plafond, l&#039;unique r\u00e9plique de la grosse caisse de Matthieu Ch\u00e9did pour une mise en lumi\u00e8re spectaculaire.<\/p>\n\t\t\t<\/div>\n<\/div><div class=\"edgtf-is-item edgtf-is-left edgtf-is-has-image\">\n\t<div class=\"edgtf-is-content\">\n\t\t\t\t\t<div class=\"edgtf-is-icon\">\n\t\t\t\t<img loading=\"lazy\" decoding=\"async\" width=\"417\" height=\"131\" src=\"https:\/\/thebackstage.fr\/wp-content\/uploads\/2019\/11\/logo-algam.png\" class=\"attachment-full size-full\" alt=\"\" srcset=\"https:\/\/thebackstage.fr\/wp-content\/uploads\/2019\/11\/logo-algam.png 417w, https:\/\/thebackstage.fr\/wp-content\/uploads\/2019\/11\/logo-algam-300x94.png 300w\" sizes=\"auto, (max-width: 417px) 100vw, 417px\" \/>\t\t\t<\/div>\n\t\t\t\t\t\t\t<h5 class=\"edgtf-is-title\" style=\"color: #000000\">\n\t\t\t\t<a href=\"https:\/\/www.algam.net\/\" target=\"_blank\">\t\t\t\t\tAlgam\t\t\t\t<\/a>\t\t\t<\/h5>\n\t\t\t\t\t\t\t<p class=\"edgtf-is-text\" style=\"color: #757575\">Algam a mis a notre disposition des amplis Marshall, des cymbales Zildjian et un clavier Nord.<\/p>\n\t\t\t<\/div>\n<\/div><div class=\"edgtf-is-item edgtf-is-right edgtf-is-has-image\">\n\t<div class=\"edgtf-is-content\">\n\t\t\t\t\t<div class=\"edgtf-is-icon\">\n\t\t\t\t<img loading=\"lazy\" decoding=\"async\" width=\"406\" height=\"261\" src=\"https:\/\/thebackstage.fr\/wp-content\/uploads\/2019\/11\/logo-gibson.png\" class=\"attachment-full size-full\" alt=\"\" srcset=\"https:\/\/thebackstage.fr\/wp-content\/uploads\/2019\/11\/logo-gibson.png 406w, https:\/\/thebackstage.fr\/wp-content\/uploads\/2019\/11\/logo-gibson-300x193.png 300w\" sizes=\"auto, (max-width: 406px) 100vw, 406px\" \/>\t\t\t<\/div>\n\t\t\t\t\t\t\t<h5 class=\"edgtf-is-title\" style=\"color: #000000\">\n\t\t\t\t<a href=\"https:\/\/www.gibson.com\/\" target=\"_blank\">\t\t\t\t\tGibson\t\t\t\t<\/a>\t\t\t<\/h5>\n\t\t\t\t\t\t\t<p class=\"edgtf-is-text\" style=\"color: #757575\">Un showroom de 18 guitares d\u00e9dicac\u00e9es : Jean-Louis Aubert, Axel Bauer, Louis Bertignac, Joe Bonamassa, Francis Cabrel, Matthieu Chedid, Thomas Dutronc, Jean-Jacques Goldman, David Hallyday, Indochine, Iron Maiden, Kyo, Paul Personne, Yarol Poupaud, Shaka Ponk, Trust, Vianney, Laurent Voulzy.<\/p>\n\t\t\t<\/div>\n<\/div><div class=\"edgtf-is-item edgtf-is-left edgtf-is-has-image\">\n\t<div class=\"edgtf-is-content\">\n\t\t\t\t\t<div class=\"edgtf-is-icon\">\n\t\t\t\t<img loading=\"lazy\" decoding=\"async\" width=\"417\" height=\"179\" src=\"https:\/\/thebackstage.fr\/wp-content\/uploads\/2019\/11\/logo-focal.png\" class=\"attachment-full size-full\" alt=\"\" srcset=\"https:\/\/thebackstage.fr\/wp-content\/uploads\/2019\/11\/logo-focal.png 417w, https:\/\/thebackstage.fr\/wp-content\/uploads\/2019\/11\/logo-focal-300x129.png 300w\" sizes=\"auto, (max-width: 417px) 100vw, 417px\" \/>\t\t\t<\/div>\n\t\t\t\t\t\t\t<h5 class=\"edgtf-is-title\" style=\"color: #000000\">\n\t\t\t\t<a href=\"https:\/\/www.focal.com\/fr\/accueil\" target=\"_blank\">\t\t\t\t\tFocal\t\t\t\t<\/a>\t\t\t<\/h5>\n\t\t\t\t\t\t\t<p class=\"edgtf-is-text\" style=\"color: #757575\">Des enceintes de monitoring studio pour un confort acoustique sans \u00e9gal, avant et apr\u00e8s les concerts.<\/p>\n\t\t\t<\/div>\n<\/div><div class=\"edgtf-is-item edgtf-is-right edgtf-is-has-image\">\n\t<div class=\"edgtf-is-content\">\n\t\t\t\t\t<div class=\"edgtf-is-icon\">\n\t\t\t\t<img loading=\"lazy\" decoding=\"async\" width=\"406\" height=\"261\" src=\"https:\/\/thebackstage.fr\/wp-content\/uploads\/2019\/11\/Sans-titre-4-01.png\" class=\"attachment-full size-full\" alt=\"\" srcset=\"https:\/\/thebackstage.fr\/wp-content\/uploads\/2019\/11\/Sans-titre-4-01.png 406w, https:\/\/thebackstage.fr\/wp-content\/uploads\/2019\/11\/Sans-titre-4-01-300x193.png 300w\" sizes=\"auto, (max-width: 406px) 100vw, 406px\" \/>\t\t\t<\/div>\n\t\t\t\t\t\t\t<h5 class=\"edgtf-is-title\" style=\"color: #000000\">\n\t\t\t\t<a href=\"https:\/\/fr-fr.sennheiser.com\/\" target=\"_blank\">\t\t\t\t\tSennheiser\t\t\t\t<\/a>\t\t\t<\/h5>\n\t\t\t\t\t\t\t<p class=\"edgtf-is-text\" style=\"color: #757575\">Les artistes qui se produisent au caf\u00e9-concert The Backstage b\u00e9n\u00e9ficient du son l\u00e9gendaire des micros et ear monitors de la marque Sennheiser.<\/p>\n\t\t\t<\/div>\n<\/div><div class=\"edgtf-is-item edgtf-is-left edgtf-is-has-image\">\n\t<div class=\"edgtf-is-content\">\n\t\t\t\t\t<div class=\"edgtf-is-icon\">\n\t\t\t\t<img loading=\"lazy\" decoding=\"async\" width=\"517\" height=\"339\" src=\"https:\/\/thebackstage.fr\/wp-content\/uploads\/2019\/11\/logo-Giglam.png\" class=\"attachment-full size-full\" alt=\"\" srcset=\"https:\/\/thebackstage.fr\/wp-content\/uploads\/2019\/11\/logo-Giglam.png 517w, https:\/\/thebackstage.fr\/wp-content\/uploads\/2019\/11\/logo-Giglam-300x197.png 300w\" sizes=\"auto, (max-width: 517px) 100vw, 517px\" \/>\t\t\t<\/div>\n\t\t\t\t\t\t\t<h5 class=\"edgtf-is-title\" style=\"color: #000000\">\n\t\t\t\t<a href=\"http:\/\/www.giglam.fr\/\" target=\"_blank\">\t\t\t\t\tGiglam\t\t\t\t<\/a>\t\t\t<\/h5>\n\t\t\t\t\t\t\t<p class=\"edgtf-is-text\" style=\"color: #757575\">Design by Vincent Rautureau, son \u0153il aiguis\u00e9 et ses conseils avis\u00e9s ont fa\u00e7onn\u00e9 The Backstage.<\/p>\n\t\t\t<\/div>\n<\/div><div class=\"edgtf-is-item edgtf-is-right edgtf-is-has-image\">\n\t<div class=\"edgtf-is-content\">\n\t\t\t\t\t<div class=\"edgtf-is-icon\">\n\t\t\t\t<img loading=\"lazy\" decoding=\"async\" width=\"417\" height=\"169\" src=\"https:\/\/thebackstage.fr\/wp-content\/uploads\/2019\/11\/logo-ecouter-voir.png\" class=\"attachment-full size-full\" alt=\"\" srcset=\"https:\/\/thebackstage.fr\/wp-content\/uploads\/2019\/11\/logo-ecouter-voir.png 417w, https:\/\/thebackstage.fr\/wp-content\/uploads\/2019\/11\/logo-ecouter-voir-300x122.png 300w\" sizes=\"auto, (max-width: 417px) 100vw, 417px\" \/>\t\t\t<\/div>\n\t\t\t\t\t\t\t<h5 class=\"edgtf-is-title\" style=\"color: #000000\">\n\t\t\t\t<a href=\"https:\/\/www.ecouter-voir.fr\/\" target=\"_blank\">\t\t\t\t\t\u00c9couter voir\t\t\t\t<\/a>\t\t\t<\/h5>\n\t\t\t\t\t\t\t<p class=\"edgtf-is-text\" style=\"color: #757575\">\u00c9couter Voir a \u00e9quip\u00e9 The Backtage de toute sa structure sc\u00e9nique.<\/p>\n\t\t\t<\/div>\n<\/div><div class=\"edgtf-is-item edgtf-is-left edgtf-is-has-image\">\n\t<div class=\"edgtf-is-content\">\n\t\t\t\t\t<div class=\"edgtf-is-icon\">\n\t\t\t\t<img loading=\"lazy\" decoding=\"async\" width=\"406\" height=\"67\" src=\"https:\/\/thebackstage.fr\/wp-content\/uploads\/2019\/11\/logo-pioneer.png\" class=\"attachment-full size-full\" alt=\"\" srcset=\"https:\/\/thebackstage.fr\/wp-content\/uploads\/2019\/11\/logo-pioneer.png 406w, https:\/\/thebackstage.fr\/wp-content\/uploads\/2019\/11\/logo-pioneer-300x50.png 300w\" sizes=\"auto, (max-width: 406px) 100vw, 406px\" \/>\t\t\t<\/div>\n\t\t\t\t\t\t\t<h5 class=\"edgtf-is-title\" style=\"color: #000000\">\n\t\t\t\t<a href=\"https:\/\/www.pioneer-car.eu\/\" target=\"_blank\">\t\t\t\t\tPioneer\t\t\t\t<\/a>\t\t\t<\/h5>\n\t\t\t\t\t\t\t<p class=\"edgtf-is-text\" style=\"color: #757575\">Pioneer nous a fourni un kit platine DJ complet, qui peut \u00eatre utilis\u00e9 dans le cadre des soir\u00e9es du caf\u00e9-concert ou dans le cadre d&#039;un showcase ou d&#039;un \u00e9v\u00e9nementiel.<\/p>\n\t\t\t<\/div>\n<\/div><div class=\"edgtf-is-image\" style=\"margin-top: 20 px\"><img loading=\"lazy\" decoding=\"async\" width=\"287\" height=\"776\" src=\"https:\/\/thebackstage.fr\/wp-content\/uploads\/2019\/11\/crane-the-backstage-allonge-01.png\" class=\"attachment-full size-full\" alt=\"\" srcset=\"https:\/\/thebackstage.fr\/wp-content\/uploads\/2019\/11\/crane-the-backstage-allonge-01.png 287w, https:\/\/thebackstage.fr\/wp-content\/uploads\/2019\/11\/crane-the-backstage-allonge-01-111x300.png 111w\" sizes=\"auto, (max-width: 287px) 100vw, 287px\" \/><\/div><\/div>[\/vc_column][\/vc_row]<\/p>\n","protected":false},"excerpt":{"rendered":"<p>[vc_row full_height=\u00a0\u00bbyes\u00a0\u00bb content_placement=\u00a0\u00bbmiddle\u00a0\u00bb el_id=\u00a0\u00bbaccueil\u00a0\u00bb css=\u00a0\u00bb.vc_custom_1574195938520{background-color: #000000 !important;}\u00a0\u00bb][vc_column][rev_slider_vc alias=\u00a0\u00bbhome-6&Prime; enable_paspartu=\u00a0\u00bbno\u00a0\u00bb][vc_column_text] The Backstage, un nouveau caf\u00e9-concert \u00e0 5 minutes de la Porte d&rsquo;Orl\u00e9ans, \u00e0 Montrouge. Pas une salle de concert, mais un lieu cosy o\u00f9 s&rsquo;attabler devant un bon verre de vin, en d\u00e9gustant de bons produits (tapas, planches, desserts&#8230;) et surtout, en \u00e9coutant jouer un groupe en live.\u00a0Un confort acoustique unique sur Paris, un bar mieux \u00e9quip\u00e9 qu&rsquo;une salle de concert&#8230; un lieu d\u00e9di\u00e9 aux amoureux de musique live,\u00a0 o\u00f9 partager de bons moments de convivialit\u00e9.\u00a0 [\/vc_column_text][\/vc_column][\/vc_row][vc_row full_height=\u00a0\u00bbyes\u00a0\u00bb content_placement=\u00a0\u00bbmiddle\u00a0\u00bb row_content_width=\u00a0\u00bbgrid\u00a0\u00bb content_text_aligment=\u00a0\u00bbcenter\u00a0\u00bb css=\u00a0\u00bb.vc_custom_1574197315706{padding-top: 128px !important;}\u00a0\u00bb el_id=\u00a0\u00bbprogrammation\u00a0\u00bb][vc_column][vc_empty_space height=\u00a0\u00bb80px\u00a0\u00bb][vc_single_image image=\u00a0\u00bb5665&Prime; img_size=\u00a0\u00bbfull\u00a0\u00bb alignment=\u00a0\u00bbcenter\u00a0\u00bb onclick=\u00a0\u00bbcustom_link\u00a0\u00bb][vc_empty_space height=\u00a0\u00bb14px\u00a0\u00bb][vc_separator color=\u00a0\u00bbcustom\u00a0\u00bb border_width=\u00a0\u00bb2&Prime; accent_color=\u00a0\u00bb#005b73&Prime;][\/vc_column][vc_column][\/vc_column][vc_column][\/vc_column][vc_column][\/vc_column][vc_column][\/vc_column][\/vc_row][vc_row full_height=\u00a0\u00bbyes\u00a0\u00bb content_placement=\u00a0\u00bbmiddle\u00a0\u00bb row_content_width=\u00a0\u00bbgrid\u00a0\u00bb content_text_aligment=\u00a0\u00bbcenter\u00a0\u00bb css=\u00a0\u00bb.vc_custom_1574197315706{padding-top: 128px !important;}\u00a0\u00bb][vc_column][vc_empty_space height=\u00a0\u00bb80px\u00a0\u00bb][vc_single_image image=\u00a0\u00bb5714&Prime; img_size=\u00a0\u00bbfull\u00a0\u00bb alignment=\u00a0\u00bbcenter\u00a0\u00bb][vc_empty_space height=\u00a0\u00bb14px\u00a0\u00bb][vc_separator color=\u00a0\u00bbcustom\u00a0\u00bb border_width=\u00a0\u00bb2&Prime; accent_color=\u00a0\u00bb#005b73&Prime;][\/vc_column][\/vc_row][vc_row full_height=\u00a0\u00bbyes\u00a0\u00bb content_placement=\u00a0\u00bbmiddle\u00a0\u00bb row_content_width=\u00a0\u00bbgrid\u00a0\u00bb css=\u00a0\u00bb.vc_custom_1574195781274{padding-top: 93px !important;padding-bottom: 93px !important;}\u00a0\u00bb simple_background_color=\u00a0\u00bb#ffffff\u00a0\u00bb el_id=\u00a0\u00bbvenir\u00a0\u00bb][vc_column offset=\u00a0\u00bbvc_col-lg-offset-2 vc_col-lg-8&Prime;][vc_empty_space height=\u00a0\u00bb14 px\u00a0\u00bb][vc_column_text] R\u00e9servation du lundi au samedi (10h -19h) : 09 62 61 39 29 [\/vc_column_text][vc_empty_space height=\u00a0\u00bb14 px\u00a0\u00bb][vc_column_text] Adresse : [&hellip;]<\/p>\n","protected":false},"author":1,"featured_media":0,"parent":0,"menu_order":0,"comment_status":"closed","ping_status":"closed","template":"full-width.php","meta":{"footnotes":""},"class_list":["post-514","page","type-page","status-publish","hentry"],"_links":{"self":[{"href":"https:\/\/thebackstage.fr\/index.php?rest_route=\/wp\/v2\/pages\/514","targetHints":{"allow":["GET"]}}],"collection":[{"href":"https:\/\/thebackstage.fr\/index.php?rest_route=\/wp\/v2\/pages"}],"about":[{"href":"https:\/\/thebackstage.fr\/index.php?rest_route=\/wp\/v2\/types\/page"}],"author":[{"embeddable":true,"href":"https:\/\/thebackstage.fr\/index.php?rest_route=\/wp\/v2\/users\/1"}],"replies":[{"embeddable":true,"href":"https:\/\/thebackstage.fr\/index.php?rest_route=%2Fwp%2Fv2%2Fcomments&post=514"}],"version-history":[{"count":344,"href":"https:\/\/thebackstage.fr\/index.php?rest_route=\/wp\/v2\/pages\/514\/revisions"}],"predecessor-version":[{"id":5715,"href":"https:\/\/thebackstage.fr\/index.php?rest_route=\/wp\/v2\/pages\/514\/revisions\/5715"}],"wp:attachment":[{"href":"https:\/\/thebackstage.fr\/index.php?rest_route=%2Fwp%2Fv2%2Fmedia&parent=514"}],"curies":[{"name":"wp","href":"https:\/\/api.w.org\/{rel}","templated":true}]}}